{"id":114,"date":"2023-01-18T14:03:06","date_gmt":"2023-01-18T13:03:06","guid":{"rendered":"https:\/\/pauline-pourquier-infirmiere.fr\/?page_id=114"},"modified":"2023-01-19T21:14:53","modified_gmt":"2023-01-19T20:14:53","slug":"presentation","status":"publish","type":"page","link":"https:\/\/pauline-pourquier-infirmiere.fr\/?page_id=114","title":{"rendered":"Pr\u00e9sentation"},"content":{"rendered":"\n<p>Dipl\u00f4m\u00e9e depuis 2015 de l\u2019Institut de Formation aux Soins Infirmiers d\u2019Albi, j\u2019exerce depuis janvier 2022 en lib\u00e9ral \u00e0 Cambon au sein d\u2019un cabinet de 3 infirmiers, en collaboration avec M\u00e9lanie GIBORY et Yvan<strong>&nbsp;<\/strong>MONY.<\/p>\n\n\n\n<p>Nous intervenons au domicile des patients, 7 jours sur 7, dans le secteur de Cambon, Albi, Fr\u00e9jairolles, Saint-Ju\u00e9ry, Cunac, Bellegarde, \u2026<\/p>\n\n\n\n<p>Nous effectuons \u00e9galement des soins directement \u00e0 notre cabinet (sur rendez-vous).<\/p>\n\n\n\n<figure class=\"wp-block-image\"><img decoding=\"async\" src=\"http:\/\/pauline-pourquier-infirmiere.fr\/wp-content\/uploads\/2023\/01\/voeux-2023-cambon-18.5-%C3%97-12-cm-1024x664.png\" alt=\"\" class=\"wp-image-26\"\/><\/figure>\n\n\n\n<p>Notre cabinet est situ\u00e9 au n\u00b010 place de la mairie, entre celui du m\u00e9decin et celui de la kin\u00e9sith\u00e9rapeute, face \u00e0 la pharmacie et la boulangerie. Des places de parking sont disponibles juste devant le cabinet.<\/p>\n\n\n\n<figure class=\"wp-block-image\"><img decoding=\"async\" src=\"http:\/\/pauline-pourquier-infirmiere.fr\/wp-content\/uploads\/2023\/01\/voeux-2023-cambon-18.5-%C3%97-12-cm-1-e1673472113146-1024x961.png\" alt=\"\" class=\"wp-image-27\"\/><\/figure>\n\n\n\n<p>Pour toute demande de soins ou de renseignements, vous pouvez nous contacter au\u00a0<strong>05.63.60.34.67<\/strong>. N\u2019h\u00e9sitez pas \u00e0 laisser un message si nous sommes en soins.<\/p>\n\n\n\n<figure class=\"wp-block-image size-large\"><img loading=\"lazy\" decoding=\"async\" width=\"1024\" height=\"664\" src=\"https:\/\/pauline-pourquier-infirmiere.fr\/wp-content\/uploads\/2023\/01\/voeux-2023-cambon-18.5-\u00d7-12-cm-5-2-1024x664.jpg\" alt=\"\" class=\"wp-image-140\" srcset=\"https:\/\/pauline-pourquier-infirmiere.fr\/wp-content\/uploads\/2023\/01\/voeux-2023-cambon-18.5-\u00d7-12-cm-5-2-1024x664.jpg 1024w, https:\/\/pauline-pourquier-infirmiere.fr\/wp-content\/uploads\/2023\/01\/voeux-2023-cambon-18.5-\u00d7-12-cm-5-2-300x195.jpg 300w, https:\/\/pauline-pourquier-infirmiere.fr\/wp-content\/uploads\/2023\/01\/voeux-2023-cambon-18.5-\u00d7-12-cm-5-2-768x498.jpg 768w, https:\/\/pauline-pourquier-infirmiere.fr\/wp-content\/uploads\/2023\/01\/voeux-2023-cambon-18.5-\u00d7-12-cm-5-2-1536x996.jpg 1536w, https:\/\/pauline-pourquier-infirmiere.fr\/wp-content\/uploads\/2023\/01\/voeux-2023-cambon-18.5-\u00d7-12-cm-5-2-2048x1328.jpg 2048w, https:\/\/pauline-pourquier-infirmiere.fr\/wp-content\/uploads\/2023\/01\/voeux-2023-cambon-18.5-\u00d7-12-cm-5-2-93x60.jpg 93w\" sizes=\"auto, (max-width: 1024px) 100vw, 1024px\" \/><\/figure>\n","protected":false},"excerpt":{"rendered":"<p>Dipl\u00f4m\u00e9e depuis 2015 de l\u2019Institut de Formation aux Soins Infirmiers d\u2019Albi, j\u2019exerce depuis janvier 2022 en lib\u00e9ral \u00e0 Cambon au sein d\u2019un cabinet de 3 infirmiers, en collaboration avec M\u00e9lanie GIBORY et Yvan&nbsp;MONY. Nous intervenons au domicile des patients, 7 jours sur 7, dans le secteur de Cambon, Albi, Fr\u00e9jairolles, Saint-Ju\u00e9ry, Cunac, Bellegarde, \u2026 Nous &hellip; <\/p>\n","protected":false},"author":1,"featured_media":0,"parent":0,"menu_order":0,"comment_status":"closed","ping_status":"closed","template":"","meta":{"footnotes":""},"class_list":["post-114","page","type-page","status-publish","hentry"],"_links":{"self":[{"href":"https:\/\/pauline-pourquier-infirmiere.fr\/index.php?rest_route=\/wp\/v2\/pages\/114","targetHints":{"allow":["GET"]}}],"collection":[{"href":"https:\/\/pauline-pourquier-infirmiere.fr\/index.php?rest_route=\/wp\/v2\/pages"}],"about":[{"href":"https:\/\/pauline-pourquier-infirmiere.fr\/index.php?rest_route=\/wp\/v2\/types\/page"}],"author":[{"embeddable":true,"href":"https:\/\/pauline-pourquier-infirmiere.fr\/index.php?rest_route=\/wp\/v2\/users\/1"}],"replies":[{"embeddable":true,"href":"https:\/\/pauline-pourquier-infirmiere.fr\/index.php?rest_route=%2Fwp%2Fv2%2Fcomments&post=114"}],"version-history":[{"count":4,"href":"https:\/\/pauline-pourquier-infirmiere.fr\/index.php?rest_route=\/wp\/v2\/pages\/114\/revisions"}],"predecessor-version":[{"id":154,"href":"https:\/\/pauline-pourquier-infirmiere.fr\/index.php?rest_route=\/wp\/v2\/pages\/114\/revisions\/154"}],"wp:attachment":[{"href":"https:\/\/pauline-pourquier-infirmiere.fr\/index.php?rest_route=%2Fwp%2Fv2%2Fmedia&parent=114"}],"curies":[{"name":"wp","href":"https:\/\/api.w.org\/{rel}","templated":true}]}}