{"id":98,"date":"2023-01-17T14:42:05","date_gmt":"2023-01-17T13:42:05","guid":{"rendered":"https:\/\/pauline-pourquier-infirmiere.fr\/?page_id=98"},"modified":"2023-01-18T16:02:31","modified_gmt":"2023-01-18T15:02:31","slug":"actualites","status":"publish","type":"page","link":"https:\/\/pauline-pourquier-infirmiere.fr\/?page_id=98","title":{"rendered":"Articles"},"content":{"rendered":"<ul class=\"wp-block-latest-posts__list wp-block-latest-posts\"><li><div class=\"wp-block-latest-posts__featured-image alignright\"><a href=\"https:\/\/pauline-pourquier-infirmiere.fr\/?p=169\" aria-label=\"Journ\u00e9e Mondiale contre le Cancer (4 f\u00e9vrier)\"><img loading=\"lazy\" decoding=\"async\" width=\"150\" height=\"150\" src=\"https:\/\/pauline-pourquier-infirmiere.fr\/wp-content\/uploads\/2023\/01\/Illustrations-site-web-1-150x150.jpg\" class=\"attachment-thumbnail size-thumbnail wp-post-image\" alt=\"\" style=\"\" srcset=\"https:\/\/pauline-pourquier-infirmiere.fr\/wp-content\/uploads\/2023\/01\/Illustrations-site-web-1-150x150.jpg 150w, https:\/\/pauline-pourquier-infirmiere.fr\/wp-content\/uploads\/2023\/01\/Illustrations-site-web-1-435x435.jpg 435w\" sizes=\"auto, (max-width: 150px) 100vw, 150px\" \/><\/a><\/div><a class=\"wp-block-latest-posts__post-title\" href=\"https:\/\/pauline-pourquier-infirmiere.fr\/?p=169\">Journ\u00e9e Mondiale contre le Cancer (4 f\u00e9vrier)<\/a><div class=\"wp-block-latest-posts__post-excerpt\">Cr\u00e9\u00e9e au d\u00e9but des ann\u00e9es 2000 \u00e0 l\u2019initiative de l\u2019Union internationale contre le cancer (UICC), la journ\u00e9e du 4 f\u00e9vrier est devenue un moment de mobilisation internationale contre le cancer pour sensibiliser le plus grand nombre aux principaux enjeux de la lutte contre la maladie. Le cancer en quelques chiffres&nbsp;: &#8211; Dans le monde Plus &hellip; <\/div><\/li>\n<li><div class=\"wp-block-latest-posts__featured-image alignright\"><a href=\"https:\/\/pauline-pourquier-infirmiere.fr\/?p=136\" aria-label=\"DRY JANUARY &#8211; LE DEFI DE JANVIER\"><img loading=\"lazy\" decoding=\"async\" width=\"150\" height=\"150\" src=\"https:\/\/pauline-pourquier-infirmiere.fr\/wp-content\/uploads\/2023\/01\/Illustrations-site-web-taille-insta--150x150.png\" class=\"attachment-thumbnail size-thumbnail wp-post-image\" alt=\"\" style=\"\" srcset=\"https:\/\/pauline-pourquier-infirmiere.fr\/wp-content\/uploads\/2023\/01\/Illustrations-site-web-taille-insta--150x150.png 150w, https:\/\/pauline-pourquier-infirmiere.fr\/wp-content\/uploads\/2023\/01\/Illustrations-site-web-taille-insta--300x300.png 300w, https:\/\/pauline-pourquier-infirmiere.fr\/wp-content\/uploads\/2023\/01\/Illustrations-site-web-taille-insta--1024x1024.png 1024w, https:\/\/pauline-pourquier-infirmiere.fr\/wp-content\/uploads\/2023\/01\/Illustrations-site-web-taille-insta--768x768.png 768w, https:\/\/pauline-pourquier-infirmiere.fr\/wp-content\/uploads\/2023\/01\/Illustrations-site-web-taille-insta--1536x1536.png 1536w, https:\/\/pauline-pourquier-infirmiere.fr\/wp-content\/uploads\/2023\/01\/Illustrations-site-web-taille-insta--2048x2048.png 2048w, https:\/\/pauline-pourquier-infirmiere.fr\/wp-content\/uploads\/2023\/01\/Illustrations-site-web-taille-insta--435x435.png 435w, https:\/\/pauline-pourquier-infirmiere.fr\/wp-content\/uploads\/2023\/01\/Illustrations-site-web-taille-insta--60x60.png 60w\" sizes=\"auto, (max-width: 150px) 100vw, 150px\" \/><\/a><\/div><a class=\"wp-block-latest-posts__post-title\" href=\"https:\/\/pauline-pourquier-infirmiere.fr\/?p=136\">DRY JANUARY &#8211; LE DEFI DE JANVIER<\/a><div class=\"wp-block-latest-posts__post-excerpt\">Janvier est g\u00e9n\u00e9ralement le mois des \u00ab\u00a0bonnes r\u00e9solutions\u00a0\u00bb. Cela ne vous a peut-\u00eatre pas \u00e9chapp\u00e9, depuis quelques ann\u00e9es, nous entendons parler du \u00ab\u00a0dry january\u00a0\u00bb, traduit en fran\u00e7ais par \u00ab\u00a0le d\u00e9fi de janvier\u00a0\u00bb. En quoi cela consiste ? ==&gt; ne pas boire d&rsquo;alcool pendant tout le mois de janvier Apr\u00e8s quelques \u00ab\u00a0abus\u00a0\u00bb pendant les f\u00eates, c&rsquo;est &hellip; <\/div><\/li>\n<\/ul>","protected":false},"excerpt":{"rendered":"","protected":false},"author":1,"featured_media":0,"parent":0,"menu_order":0,"comment_status":"closed","ping_status":"closed","template":"","meta":{"footnotes":""},"class_list":["post-98","page","type-page","status-publish","hentry"],"_links":{"self":[{"href":"https:\/\/pauline-pourquier-infirmiere.fr\/index.php?rest_route=\/wp\/v2\/pages\/98","targetHints":{"allow":["GET"]}}],"collection":[{"href":"https:\/\/pauline-pourquier-infirmiere.fr\/index.php?rest_route=\/wp\/v2\/pages"}],"about":[{"href":"https:\/\/pauline-pourquier-infirmiere.fr\/index.php?rest_route=\/wp\/v2\/types\/page"}],"author":[{"embeddable":true,"href":"https:\/\/pauline-pourquier-infirmiere.fr\/index.php?rest_route=\/wp\/v2\/users\/1"}],"replies":[{"embeddable":true,"href":"https:\/\/pauline-pourquier-infirmiere.fr\/index.php?rest_route=%2Fwp%2Fv2%2Fcomments&post=98"}],"version-history":[{"count":2,"href":"https:\/\/pauline-pourquier-infirmiere.fr\/index.php?rest_route=\/wp\/v2\/pages\/98\/revisions"}],"predecessor-version":[{"id":151,"href":"https:\/\/pauline-pourquier-infirmiere.fr\/index.php?rest_route=\/wp\/v2\/pages\/98\/revisions\/151"}],"wp:attachment":[{"href":"https:\/\/pauline-pourquier-infirmiere.fr\/index.php?rest_route=%2Fwp%2Fv2%2Fmedia&parent=98"}],"curies":[{"name":"wp","href":"https:\/\/api.w.org\/{rel}","templated":true}]}}